{"id":21,"date":"2019-02-13T19:38:06","date_gmt":"2019-02-13T18:38:06","guid":{"rendered":"http:\/\/www.ginnasticarosignano.com\/sport\/?page_id=21"},"modified":"2019-03-19T13:28:45","modified_gmt":"2019-03-19T12:28:45","slug":"chi-siamo","status":"publish","type":"page","link":"https:\/\/www.ginnasticarosignano.com\/sport\/chi-siamo\/","title":{"rendered":"Chi Siamo"},"content":{"rendered":"<p>Siamo un&#8217;associazione sportiva dilettantistica senza scopo di lucro, affiliata alla FGI (Federazione Ginnastica d&#8217;Italia) e all&#8217; UISP (Unione Italiana Sport per tutti) con tre distinte sezioni:<\/p>\n<blockquote><p><strong>GINNASTICA ARTISTICA FEMMINILE &#8211; GINNASTICA ARTISTICA MASCHILE &#8211; GINNASTICA RITMICA- GINNASTICA PER ADULTI<\/strong><\/p><\/blockquote>\n<p><em><strong>L&#8217;obbiettivo primario \u00e8 quello di promuovere l&#8217;attivit\u00e0 sportiva a chiunque<\/strong><\/em>, e offrire ai bambini e ai ragazzi l&#8217;opportunit\u00e0 di avere una sana e sicura aggregazione, trasmettendo attraverso lo sport:<br \/>\ndisciplina, senso del dovere, rispetto degli avversari e amicizia, valori fondamentali per un percorso di crescita e formazione di ognuno di noi.<\/p>\n<p>Ed \u00e8 per questo che i nostri c<strong>orsi coprono un&#8217;ampia fascia d&#8217;et\u00e0<\/strong>, che va dai quattro anni fino ad arrivare ai corsi serali per adulti, tutti seguiti da istruttori federali e uisp competenti, che svolgono il loro lavoro con la massima dedizione e passione, e con la <strong>voglia di raggiungere obbiettivi importanti<\/strong>.<\/p>\n<p><strong>Sia la ginnastica artistica femminile e maschile<\/strong>, che la ritmica sono discipline olimpiche e prevedono l&#8217;uso di vari attrezzi, nella fase iniziale per le bambine e i bambini dai quattro ai sei anni, \u00e8 una pura fase propedeutica che prevede esclusivamente un lavoro di formazione con un piccolo infarinamento delle discipline che per vari elementi hanno la loro affinit\u00e0.<br \/>\nAndando avanti con l&#8217;et\u00e0 le tre attivit\u00e0 prendono la loro forma differenziandosi negli attrezzi e nella preparazione.<\/p>\n<p><strong>La Ginnastica per adulti \u00e8 alla base di tutte le attivit\u00e0 motorie<\/strong>, ma anche una disciplina a s\u00e9 stante che grazie ai suoi diversi programmi <strong>contribuisce al benessere fisico, intellettuale e sociale delle persone<\/strong> <em>ed \u00e8 per questo che la Ginnastica per TUTTI \u00e8 riconosciuta dal CIO per la sua funzione a favore della salute e per le sue potenzialit\u00e0 educative.<\/em><br \/>\nProgrammi tecnici di attivit\u00e0 con grandi e piccoli attrezzi codificati e occasionali e a corpo libero, esercizi collettivi e progressioni individuali, con e senza accompagnamento musicale, percorsi ginnastici a tempo, prove multiple di efficienza fisica, elementi tecnici realizzati ad ondate, in forma di semplice esibizione o secondo un concetto di competizione basato pi\u00f9 sulla ricerca del superamento dei propri limiti che sul classico scontro con l&#8217;avversario.<\/p>\n<blockquote>\n<h5>Quindi:<br \/>\nPer TUTTI quelli che vogliono mantenersi in forma e star bene con se stessi e con gli altri<br \/>\nPer TUTTI quelli che non hanno mai fatto Ginnastica e ci vogliono provare.<br \/>\nPer TUTTI quelli che fanno Ginnastica agonistica e vogliono sperimentare nuove formule di incontro e di confronto.<br \/>\nPer TUTTI quelli che vogliono partecipare insieme ad un&#8217;esperienza meravigliosa: la Gymnaestrada.<\/h5>\n<\/blockquote>\n<p><em><strong>La ginnastica \u00e8&#8230; Sport totale, \u00e8 generosit\u00e0, cultura, fantasia, \u00e8 musica, sacrificio, \u00e8 competizione, \u00e8 allegria. <\/strong><\/em><em><strong>E&#8217; vita.<\/strong><\/em><\/p>\n","protected":false},"excerpt":{"rendered":"<p>Siamo un&#8217;associazione sportiva dilettantistica senza scopo di lucro, affiliata alla FGI (Federazione Ginnastica d&#8217;Italia) e all&#8217; UISP (Unione Italiana Sport per tutti) con tre distinte sezioni: GINNASTICA ARTISTICA FEMMINILE &#8211; GINNASTICA ARTISTICA MASCHILE &#8211; GINNASTICA RITMICA- GINNASTICA PER ADULTI L&#8217;obbiettivo primario \u00e8 quello di promuovere l&#8217;attivit\u00e0 sportiva a chiunque, e offrire ai bambini e ai ragazzi l&#8217;opportunit\u00e0 di avere una sana e sicura aggregazione, trasmettendo attraverso lo sport: disciplina, senso del dovere, rispetto degli avversari e amicizia, valori fondamentali per un percorso di crescita e formazione di ognuno di noi. Ed \u00e8 per questo che i nostri corsi coprono un&#8217;ampia fascia d&#8217;et\u00e0, che va dai<a class=\"more-link\" href=\"https:\/\/www.ginnasticarosignano.com\/sport\/chi-siamo\/\"><span>CONTINUA A LEGGERE <\/span><\/a><\/p>\n","protected":false},"author":1,"featured_media":62,"parent":0,"menu_order":0,"comment_status":"closed","ping_status":"closed","template":"","meta":{"ngg_post_thumbnail":0},"_links":{"self":[{"href":"https:\/\/www.ginnasticarosignano.com\/sport\/wp-json\/wp\/v2\/pages\/21"}],"collection":[{"href":"https:\/\/www.ginnasticarosignano.com\/sport\/wp-json\/wp\/v2\/pages"}],"about":[{"href":"https:\/\/www.ginnasticarosignano.com\/sport\/wp-json\/wp\/v2\/types\/page"}],"author":[{"embeddable":true,"href":"https:\/\/www.ginnasticarosignano.com\/sport\/wp-json\/wp\/v2\/users\/1"}],"replies":[{"embeddable":true,"href":"https:\/\/www.ginnasticarosignano.com\/sport\/wp-json\/wp\/v2\/comments?post=21"}],"version-history":[{"count":6,"href":"https:\/\/www.ginnasticarosignano.com\/sport\/wp-json\/wp\/v2\/pages\/21\/revisions"}],"predecessor-version":[{"id":104,"href":"https:\/\/www.ginnasticarosignano.com\/sport\/wp-json\/wp\/v2\/pages\/21\/revisions\/104"}],"wp:featuredmedia":[{"embeddable":true,"href":"https:\/\/www.ginnasticarosignano.com\/sport\/wp-json\/wp\/v2\/media\/62"}],"wp:attachment":[{"href":"https:\/\/www.ginnasticarosignano.com\/sport\/wp-json\/wp\/v2\/media?parent=21"}],"curies":[{"name":"wp","href":"https:\/\/api.w.org\/{rel}","templated":true}]}}