{"id":22,"date":"2019-02-13T19:38:06","date_gmt":"2019-02-13T18:38:06","guid":{"rendered":"http:\/\/www.ginnasticarosignano.com\/sport\/?page_id=22"},"modified":"2025-08-24T12:30:03","modified_gmt":"2025-08-24T10:30:03","slug":"dove-siamo","status":"publish","type":"page","link":"https:\/\/www.ginnasticarosignano.com\/sport\/dove-siamo\/","title":{"rendered":"Dove Puoi Trovarci"},"content":{"rendered":"<blockquote>\n<h5><strong>Puoi trovare la SEDE della Ginnastica Rosignano:<\/strong><\/h5>\n<h5><strong> presso lo Stadio in Via della Repubblica, 6 &#8211; stanza 7 <\/strong><\/h5>\n<h5><strong>tel.: +39 339 463 5284<\/strong><\/h5>\n<h5><strong>mail: ginnasticarosignano@gmail.com<\/strong><\/h5>\n<\/blockquote>\n<p><a href=\"https:\/\/www.google.it\/maps?q=via+della+repubblica,4a+rosignano+solvay&amp;ll=43.39178,10.440552&amp;spn=0.00619,0.027874&amp;t=m&amp;hnear=Via+della+Repubblica,+4A,+Rosignano+Solvay-Castiglioncello,+Livorno,+Toscana&amp;z=16&amp;layer=c&amp;cbll=43.391781,10.440552&amp;panoid=sFbfNa6TwvqRZkSH329-IA&amp;cbp=11,184.36,,0,0.62\" target=\"_blank\" rel=\"noopener noreferrer\">(clicca per consultare la mappa)<\/a><\/p>\n<p><strong>Presso la Sede viene effettuato il seguente orario di segreteria:<\/strong><br>marted\u00ec 16.00-19.00<br>mercoled\u00ec 9:30-12.30<br>gioved\u00ec 16.00-19.00<\/p>\n<p>Il PRIMO GIOVED\u00ec DI OGNI MESE, la segreteria \u00e8 presente alla palestra Picchi.<\/p>\n<p><strong>Gli Allenamenti si svolgono presso la Palestra Matteo Picchi Loc. Lillatro in Via Gigli, 3 a Rosignano Solvay Tel: \u202a+39 339 463 5284<\/strong><\/p>\n<p>&nbsp;<\/p>\n\n\n<p><\/p>\n","protected":false},"excerpt":{"rendered":"<p>Puoi trovare la SEDE della Ginnastica Rosignano: presso lo Stadio in Via della Repubblica, 6 &#8211; stanza 7 tel.: +39 339 463 5284 mail: ginnasticarosignano@gmail.com (clicca per consultare la mappa) Presso la Sede viene effettuato il seguente orario di segreteria:marted\u00ec 16.00-19.00mercoled\u00ec 9:30-12.30gioved\u00ec 16.00-19.00 Il PRIMO GIOVED\u00ec DI OGNI MESE, la segreteria \u00e8 presente alla palestra Picchi. Gli Allenamenti si svolgono presso la Palestra Matteo Picchi Loc. Lillatro in Via Gigli, 3 a Rosignano Solvay Tel: \u202a+39 339 463 5284 &nbsp;<a class=\"more-link\" href=\"https:\/\/www.ginnasticarosignano.com\/sport\/dove-siamo\/\"><span>CONTINUA A LEGGERE <\/span><\/a><\/p>\n","protected":false},"author":1,"featured_media":0,"parent":0,"menu_order":0,"comment_status":"closed","ping_status":"closed","template":"","meta":{"ngg_post_thumbnail":0},"_links":{"self":[{"href":"https:\/\/www.ginnasticarosignano.com\/sport\/wp-json\/wp\/v2\/pages\/22"}],"collection":[{"href":"https:\/\/www.ginnasticarosignano.com\/sport\/wp-json\/wp\/v2\/pages"}],"about":[{"href":"https:\/\/www.ginnasticarosignano.com\/sport\/wp-json\/wp\/v2\/types\/page"}],"author":[{"embeddable":true,"href":"https:\/\/www.ginnasticarosignano.com\/sport\/wp-json\/wp\/v2\/users\/1"}],"replies":[{"embeddable":true,"href":"https:\/\/www.ginnasticarosignano.com\/sport\/wp-json\/wp\/v2\/comments?post=22"}],"version-history":[{"count":18,"href":"https:\/\/www.ginnasticarosignano.com\/sport\/wp-json\/wp\/v2\/pages\/22\/revisions"}],"predecessor-version":[{"id":1089,"href":"https:\/\/www.ginnasticarosignano.com\/sport\/wp-json\/wp\/v2\/pages\/22\/revisions\/1089"}],"wp:attachment":[{"href":"https:\/\/www.ginnasticarosignano.com\/sport\/wp-json\/wp\/v2\/media?parent=22"}],"curies":[{"name":"wp","href":"https:\/\/api.w.org\/{rel}","templated":true}]}}