{"id":23,"date":"2019-02-13T19:38:06","date_gmt":"2019-02-13T18:38:06","guid":{"rendered":"http:\/\/www.ginnasticarosignano.com\/sport\/?page_id=23"},"modified":"2019-09-11T11:21:42","modified_gmt":"2019-09-11T09:21:42","slug":"artistica-femminile","status":"publish","type":"page","link":"https:\/\/www.ginnasticarosignano.com\/sport\/artistica-femminile\/","title":{"rendered":"Artistica Femminile"},"content":{"rendered":"<p><strong>Prevede quattro attrezzi:<\/strong> corpo libero, con accompagnamento musicale svolto su una pedana quadrata (m.12&#215;12), la trave, larga appena 10 centimetri dove l&#8217;atleta deve esprimere nello stesso tempo: eleganza, flessibilit\u00e0, sicurezza e controllo. Volteggio, una simbiosi di agilit\u00e0 e potenza esplosiva, parallele asimmetriche, agilit\u00e0, eleganza, coordinazione e una forte presa.<\/p>\n<div id=\"Block_wpape_gallery_69f51e8bf340a\" style=\"width:100%;padding-left:5px;padding-top:5px;padding-right:5px;padding-bottom:5px; display: none;\"><div class=\"wpape_gallery_button wpape_gallery_align_left\"  id=\"wpape_gallery_69f51e8bf340afilter\"><a class=\" apebtn apebtn-flat apebtn-primary  active\" style=\"margin-right:5px;margin-bottom:10px;\" href=\"#\" data-filter=\"*\">Home<\/a><a href=\"#\" data-filter=\".category370\" class=\" apebtn apebtn-flat apebtn-primary \" style=\"margin-right:5px;margin-bottom:10px;\">Artistica Femminile<\/a><\/div><div id=\"wpape_gallery_69f51e8bf340a\" data-options=\"wpape_gallery_69f51e8bf340a\" style=\"width:100%;\" class=\"wpape_gallery\"><div class=\"wpape-img category370\" ><div class=\"wpape-img-image  wpape-lightbox\"  ><div data-thumbnail=\"https:\/\/www.ginnasticarosignano.com\/sport\/wp-content\/uploads\/2019\/09\/IMG-20180216-WA0064-200x300.jpg\" title=\"IMG-20180216-WA0064\" data-width=\"200\" data-height=\"300\" ><\/div><div data-popup=\"https:\/\/www.ginnasticarosignano.com\/sport\/wp-content\/uploads\/2019\/09\/IMG-20180216-WA0064.jpg\"  title=\"IMG-20180216-WA0064\"><\/div><div class=\"thumbnail-overlay\"><div class=\"wpapeTitle \">IMG-20180216-WA0064<\/div><div class=\"wpapeIcons\"><i class=\"fa fa-search wpapeZoomIcon \" ><\/i><\/div><\/div><\/div><\/div><div class=\"wpape-img category370\" ><div class=\"wpape-img-image  wpape-lightbox\"  ><div data-thumbnail=\"https:\/\/www.ginnasticarosignano.com\/sport\/wp-content\/uploads\/2019\/09\/IMG-20180216-WA0061-200x300.jpg\" title=\"IMG-20180216-WA0061\" data-width=\"200\" data-height=\"300\" ><\/div><div data-popup=\"https:\/\/www.ginnasticarosignano.com\/sport\/wp-content\/uploads\/2019\/09\/IMG-20180216-WA0061.jpg\"  title=\"IMG-20180216-WA0061\"><\/div><div class=\"thumbnail-overlay\"><div class=\"wpapeTitle \">IMG-20180216-WA0061<\/div><div class=\"wpapeIcons\"><i class=\"fa fa-search wpapeZoomIcon \" ><\/i><\/div><\/div><\/div><\/div><div class=\"wpape-img category370\" ><div class=\"wpape-img-image  wpape-lightbox\"  ><div data-thumbnail=\"https:\/\/www.ginnasticarosignano.com\/sport\/wp-content\/uploads\/2019\/09\/IMG-20180216-WA0060-300x199.jpg\" title=\"IMG-20180216-WA0060\" data-width=\"300\" data-height=\"199\" ><\/div><div data-popup=\"https:\/\/www.ginnasticarosignano.com\/sport\/wp-content\/uploads\/2019\/09\/IMG-20180216-WA0060.jpg\"  title=\"IMG-20180216-WA0060\"><\/div><div class=\"thumbnail-overlay\"><div class=\"wpapeTitle \">IMG-20180216-WA0060<\/div><div class=\"wpapeIcons\"><i class=\"fa fa-search wpapeZoomIcon \" ><\/i><\/div><\/div><\/div><\/div><div class=\"wpape-img category370\" ><div class=\"wpape-img-image  wpape-lightbox\"  ><div data-thumbnail=\"https:\/\/www.ginnasticarosignano.com\/sport\/wp-content\/uploads\/2019\/09\/IMG-20180216-WA0068-300x199.jpg\" title=\"IMG-20180216-WA0068\" data-width=\"300\" data-height=\"199\" ><\/div><div data-popup=\"https:\/\/www.ginnasticarosignano.com\/sport\/wp-content\/uploads\/2019\/09\/IMG-20180216-WA0068.jpg\"  title=\"IMG-20180216-WA0068\"><\/div><div class=\"thumbnail-overlay\"><div class=\"wpapeTitle \">IMG-20180216-WA0068<\/div><div class=\"wpapeIcons\"><i class=\"fa fa-search wpapeZoomIcon \" ><\/i><\/div><\/div><\/div><\/div><div class=\"wpape-img category370\" ><div class=\"wpape-img-image  wpape-lightbox\"  ><div data-thumbnail=\"https:\/\/www.ginnasticarosignano.com\/sport\/wp-content\/uploads\/2019\/09\/IMG-20180216-WA0059-200x300.jpg\" title=\"IMG-20180216-WA0059\" data-width=\"200\" data-height=\"300\" ><\/div><div data-popup=\"https:\/\/www.ginnasticarosignano.com\/sport\/wp-content\/uploads\/2019\/09\/IMG-20180216-WA0059.jpg\"  title=\"IMG-20180216-WA0059\"><\/div><div class=\"thumbnail-overlay\"><div class=\"wpapeTitle \">IMG-20180216-WA0059<\/div><div class=\"wpapeIcons\"><i class=\"fa fa-search wpapeZoomIcon \" ><\/i><\/div><\/div><\/div><\/div><div class=\"wpape-img category370\" ><div class=\"wpape-img-image  wpape-lightbox\"  ><div data-thumbnail=\"https:\/\/www.ginnasticarosignano.com\/sport\/wp-content\/uploads\/2019\/09\/IMG-20180216-WA0039-199x300.jpg\" title=\"IMG-20180216-WA0039\" data-width=\"199\" data-height=\"300\" ><\/div><div data-popup=\"https:\/\/www.ginnasticarosignano.com\/sport\/wp-content\/uploads\/2019\/09\/IMG-20180216-WA0039.jpg\"  title=\"IMG-20180216-WA0039\"><\/div><div class=\"thumbnail-overlay\"><div class=\"wpapeTitle \">IMG-20180216-WA0039<\/div><div class=\"wpapeIcons\"><i class=\"fa fa-search wpapeZoomIcon \" ><\/i><\/div><\/div><\/div><\/div><div class=\"wpape-img category370\" ><div class=\"wpape-img-image  wpape-lightbox\"  ><div data-thumbnail=\"https:\/\/www.ginnasticarosignano.com\/sport\/wp-content\/uploads\/2019\/09\/IMG-20180216-WA0033-300x199.jpg\" title=\"IMG-20180216-WA0033\" data-width=\"300\" data-height=\"199\" ><\/div><div data-popup=\"https:\/\/www.ginnasticarosignano.com\/sport\/wp-content\/uploads\/2019\/09\/IMG-20180216-WA0033.jpg\"  title=\"IMG-20180216-WA0033\"><\/div><div class=\"thumbnail-overlay\"><div class=\"wpapeTitle \">IMG-20180216-WA0033<\/div><div class=\"wpapeIcons\"><i class=\"fa fa-search wpapeZoomIcon \" ><\/i><\/div><\/div><\/div><\/div><div class=\"wpape-img category370\" ><div class=\"wpape-img-image  wpape-lightbox\"  ><div data-thumbnail=\"https:\/\/www.ginnasticarosignano.com\/sport\/wp-content\/uploads\/2019\/09\/IMG-20180216-WA0028-300x199.jpg\" title=\"IMG-20180216-WA0028\" data-width=\"300\" data-height=\"199\" ><\/div><div data-popup=\"https:\/\/www.ginnasticarosignano.com\/sport\/wp-content\/uploads\/2019\/09\/IMG-20180216-WA0028.jpg\"  title=\"IMG-20180216-WA0028\"><\/div><div class=\"thumbnail-overlay\"><div class=\"wpapeTitle \">IMG-20180216-WA0028<\/div><div class=\"wpapeIcons\"><i class=\"fa fa-search wpapeZoomIcon \" ><\/i><\/div><\/div><\/div><\/div><div class=\"wpape-img category370\" ><div class=\"wpape-img-image  wpape-lightbox\"  ><div data-thumbnail=\"https:\/\/www.ginnasticarosignano.com\/sport\/wp-content\/uploads\/2019\/09\/IMG-20180216-WA0020-200x300.jpg\" title=\"IMG-20180216-WA0020\" data-width=\"200\" data-height=\"300\" ><\/div><div data-popup=\"https:\/\/www.ginnasticarosignano.com\/sport\/wp-content\/uploads\/2019\/09\/IMG-20180216-WA0020.jpg\"  title=\"IMG-20180216-WA0020\"><\/div><div class=\"thumbnail-overlay\"><div class=\"wpapeTitle \">IMG-20180216-WA0020<\/div><div class=\"wpapeIcons\"><i class=\"fa fa-search wpapeZoomIcon \" ><\/i><\/div><\/div><\/div><\/div><div class=\"wpape-img category370\" ><div class=\"wpape-img-image  wpape-lightbox\"  ><div data-thumbnail=\"https:\/\/www.ginnasticarosignano.com\/sport\/wp-content\/uploads\/2019\/09\/IMG-20180216-WA0022-300x199.jpg\" title=\"IMG-20180216-WA0022\" data-width=\"300\" data-height=\"199\" ><\/div><div data-popup=\"https:\/\/www.ginnasticarosignano.com\/sport\/wp-content\/uploads\/2019\/09\/IMG-20180216-WA0022.jpg\"  title=\"IMG-20180216-WA0022\"><\/div><div class=\"thumbnail-overlay\"><div class=\"wpapeTitle \">IMG-20180216-WA0022<\/div><div class=\"wpapeIcons\"><i class=\"fa fa-search wpapeZoomIcon \" ><\/i><\/div><\/div><\/div><\/div><div class=\"wpape-img category370\" ><div class=\"wpape-img-image  wpape-lightbox\"  ><div data-thumbnail=\"https:\/\/www.ginnasticarosignano.com\/sport\/wp-content\/uploads\/2019\/09\/IMG-20180216-WA0017-200x300.jpg\" title=\"IMG-20180216-WA0017\" data-width=\"200\" data-height=\"300\" ><\/div><div data-popup=\"https:\/\/www.ginnasticarosignano.com\/sport\/wp-content\/uploads\/2019\/09\/IMG-20180216-WA0017.jpg\"  title=\"IMG-20180216-WA0017\"><\/div><div class=\"thumbnail-overlay\"><div class=\"wpapeTitle \">IMG-20180216-WA0017<\/div><div class=\"wpapeIcons\"><i class=\"fa fa-search wpapeZoomIcon \" ><\/i><\/div><\/div><\/div><\/div><div class=\"wpape-img category370\" ><div class=\"wpape-img-image  wpape-lightbox\"  ><div data-thumbnail=\"https:\/\/www.ginnasticarosignano.com\/sport\/wp-content\/uploads\/2019\/09\/IMG-20180216-WA0015-300x199.jpg\" title=\"IMG-20180216-WA0015\" data-width=\"300\" data-height=\"199\" ><\/div><div data-popup=\"https:\/\/www.ginnasticarosignano.com\/sport\/wp-content\/uploads\/2019\/09\/IMG-20180216-WA0015.jpg\"  title=\"IMG-20180216-WA0015\"><\/div><div class=\"thumbnail-overlay\"><div class=\"wpapeTitle \">IMG-20180216-WA0015<\/div><div class=\"wpapeIcons\"><i class=\"fa fa-search wpapeZoomIcon \" ><\/i><\/div><\/div><\/div><\/div><div class=\"wpape-img category370\" ><div class=\"wpape-img-image  wpape-lightbox\"  ><div data-thumbnail=\"https:\/\/www.ginnasticarosignano.com\/sport\/wp-content\/uploads\/2019\/09\/IMG-20180216-WA0014-300x199.jpg\" title=\"IMG-20180216-WA0014\" data-width=\"300\" data-height=\"199\" ><\/div><div data-popup=\"https:\/\/www.ginnasticarosignano.com\/sport\/wp-content\/uploads\/2019\/09\/IMG-20180216-WA0014.jpg\"  title=\"IMG-20180216-WA0014\"><\/div><div class=\"thumbnail-overlay\"><div class=\"wpapeTitle \">IMG-20180216-WA0014<\/div><div class=\"wpapeIcons\"><i class=\"fa fa-search wpapeZoomIcon \" ><\/i><\/div><\/div><\/div><\/div><div class=\"wpape-img category370\" ><div class=\"wpape-img-image  wpape-lightbox\"  ><div data-thumbnail=\"https:\/\/www.ginnasticarosignano.com\/sport\/wp-content\/uploads\/2019\/09\/IMG-20180216-WA0010-300x199.jpg\" title=\"IMG-20180216-WA0010\" data-width=\"300\" data-height=\"199\" ><\/div><div data-popup=\"https:\/\/www.ginnasticarosignano.com\/sport\/wp-content\/uploads\/2019\/09\/IMG-20180216-WA0010.jpg\"  title=\"IMG-20180216-WA0010\"><\/div><div class=\"thumbnail-overlay\"><div class=\"wpapeTitle \">IMG-20180216-WA0010<\/div><div class=\"wpapeIcons\"><i class=\"fa fa-search wpapeZoomIcon \" ><\/i><\/div><\/div><\/div><\/div><div class=\"wpape-img category370\" ><div class=\"wpape-img-image  wpape-lightbox\"  ><div data-thumbnail=\"https:\/\/www.ginnasticarosignano.com\/sport\/wp-content\/uploads\/2019\/09\/IMG-20180216-WA0018-200x300.jpg\" title=\"IMG-20180216-WA0018\" data-width=\"200\" data-height=\"300\" ><\/div><div data-popup=\"https:\/\/www.ginnasticarosignano.com\/sport\/wp-content\/uploads\/2019\/09\/IMG-20180216-WA0018.jpg\"  title=\"IMG-20180216-WA0018\"><\/div><div class=\"thumbnail-overlay\"><div class=\"wpapeTitle \">IMG-20180216-WA0018<\/div><div class=\"wpapeIcons\"><i class=\"fa fa-search wpapeZoomIcon \" ><\/i><\/div><\/div><\/div><\/div><div class=\"wpape-img category370\" ><div class=\"wpape-img-image  wpape-lightbox\"  ><div data-thumbnail=\"https:\/\/www.ginnasticarosignano.com\/sport\/wp-content\/uploads\/2019\/09\/IMG-20180216-WA0030-300x199.jpg\" title=\"IMG-20180216-WA0030\" data-width=\"300\" data-height=\"199\" ><\/div><div data-popup=\"https:\/\/www.ginnasticarosignano.com\/sport\/wp-content\/uploads\/2019\/09\/IMG-20180216-WA0030.jpg\"  title=\"IMG-20180216-WA0030\"><\/div><div class=\"thumbnail-overlay\"><div class=\"wpapeTitle \">IMG-20180216-WA0030<\/div><div class=\"wpapeIcons\"><i class=\"fa fa-search wpapeZoomIcon \" ><\/i><\/div><\/div><\/div><\/div><div class=\"wpape-img category370\" ><div class=\"wpape-img-image  wpape-lightbox\"  ><div data-thumbnail=\"https:\/\/www.ginnasticarosignano.com\/sport\/wp-content\/uploads\/2019\/09\/IMG-20180216-WA0025-200x300.jpg\" title=\"IMG-20180216-WA0025\" data-width=\"200\" data-height=\"300\" ><\/div><div data-popup=\"https:\/\/www.ginnasticarosignano.com\/sport\/wp-content\/uploads\/2019\/09\/IMG-20180216-WA0025.jpg\"  title=\"IMG-20180216-WA0025\"><\/div><div class=\"thumbnail-overlay\"><div class=\"wpapeTitle \">IMG-20180216-WA0025<\/div><div class=\"wpapeIcons\"><i class=\"fa fa-search wpapeZoomIcon \" ><\/i><\/div><\/div><\/div><\/div><div class=\"wpape-img category370\" ><div class=\"wpape-img-image  wpape-lightbox\"  ><div data-thumbnail=\"https:\/\/www.ginnasticarosignano.com\/sport\/wp-content\/uploads\/2019\/09\/IMG-20180216-WA0038-199x300.jpg\" title=\"IMG-20180216-WA0038\" data-width=\"199\" data-height=\"300\" ><\/div><div data-popup=\"https:\/\/www.ginnasticarosignano.com\/sport\/wp-content\/uploads\/2019\/09\/IMG-20180216-WA0038.jpg\"  title=\"IMG-20180216-WA0038\"><\/div><div class=\"thumbnail-overlay\"><div class=\"wpapeTitle \">IMG-20180216-WA0038<\/div><div class=\"wpapeIcons\"><i class=\"fa fa-search wpapeZoomIcon \" ><\/i><\/div><\/div><\/div><\/div><div class=\"wpape-img category370\" ><div class=\"wpape-img-image  wpape-lightbox\"  ><div data-thumbnail=\"https:\/\/www.ginnasticarosignano.com\/sport\/wp-content\/uploads\/2019\/09\/IMG-20180216-WA0036-300x199.jpg\" title=\"IMG-20180216-WA0036\" data-width=\"300\" data-height=\"199\" ><\/div><div data-popup=\"https:\/\/www.ginnasticarosignano.com\/sport\/wp-content\/uploads\/2019\/09\/IMG-20180216-WA0036.jpg\"  title=\"IMG-20180216-WA0036\"><\/div><div class=\"thumbnail-overlay\"><div class=\"wpapeTitle \">IMG-20180216-WA0036<\/div><div class=\"wpapeIcons\"><i class=\"fa fa-search wpapeZoomIcon \" ><\/i><\/div><\/div><\/div><\/div><div class=\"wpape-img category370\" ><div class=\"wpape-img-image  wpape-lightbox\"  ><div data-thumbnail=\"https:\/\/www.ginnasticarosignano.com\/sport\/wp-content\/uploads\/2019\/09\/IMG-20180216-WA0043-300x199.jpg\" title=\"IMG-20180216-WA0043\" data-width=\"300\" data-height=\"199\" ><\/div><div data-popup=\"https:\/\/www.ginnasticarosignano.com\/sport\/wp-content\/uploads\/2019\/09\/IMG-20180216-WA0043.jpg\"  title=\"IMG-20180216-WA0043\"><\/div><div class=\"thumbnail-overlay\"><div class=\"wpapeTitle \">IMG-20180216-WA0043<\/div><div class=\"wpapeIcons\"><i class=\"fa fa-search wpapeZoomIcon \" ><\/i><\/div><\/div><\/div><\/div><div class=\"wpape-img category370\" ><div class=\"wpape-img-image  wpape-lightbox\"  ><div data-thumbnail=\"https:\/\/www.ginnasticarosignano.com\/sport\/wp-content\/uploads\/2019\/09\/IMG-20180216-WA0050-199x300.jpg\" title=\"IMG-20180216-WA0050\" data-width=\"199\" data-height=\"300\" ><\/div><div data-popup=\"https:\/\/www.ginnasticarosignano.com\/sport\/wp-content\/uploads\/2019\/09\/IMG-20180216-WA0050.jpg\"  title=\"IMG-20180216-WA0050\"><\/div><div class=\"thumbnail-overlay\"><div class=\"wpapeTitle \">IMG-20180216-WA0050<\/div><div class=\"wpapeIcons\"><i class=\"fa fa-search wpapeZoomIcon \" ><\/i><\/div><\/div><\/div><\/div><\/div><\/div><script>var wpape_gallery_69f51e8bf340a = {\"filterContainer\": \"#wpape_gallery_69f51e8bf340afilter\", \"touch\": 1, \"columns\": 3, \"columnWidth\": \"auto\", \"resolutions\": [ ,  , ], \"overlayEffect\": \"direction-aware-fade\", \"boxesToLoadStart\": \"9\", \"boxesToLoad\": \"6\", \"lazyLoad\": true, \"LoadingWord\": \"Gallery images loading\", \"loadMoreWord\": \"More images\", \"noMoreEntriesWord\": \"No images\", \"loadMoreClass\": \" apebtn apebtn-flat apebtn-primary \", \"horizontalSpaceBetweenBoxes\": 10, \"verticalSpaceBetweenBoxes\": 10}, wpape_gallery_69f51e8bf340a_css = \"body .mfp-ready.mfp-bg{background-color: rgba(11,11,11,0.8);}.mfp-container .mfp-arrow{display:none;}#wpape_gallery_69f51e8bf340a .wpape-img-container{ -webkit-border-radius: 5px;-moz-border-radius: 5px;border-radius: 5px;}#wpape_gallery_69f51e8bf340a .wpapeTitle{ font-size:12px; line-height:88%; color:#ffffff;}#wpape_gallery_69f51e8bf340a .wpapeTitle:hover{color:#ffffff;}#wpape_gallery_69f51e8bf340a .thumbnail-overlay{background:rgba(7,7,7,0.5);}#wpape_gallery_69f51e8bf340a .wpapeZoomIcon{ font-size:22px; line-height:100%; color:#ffffff;background:rgba(0,0,0,0);}#wpape_gallery_69f51e8bf340a .wpapeZoomIcon:hover{color:#ffffff;background:rgba(0,0,0,0);}#wpape_gallery_69f51e8bf340a .image-with-dimensions{background-color: rgba(255,255,255,1);}body .mfp-title, body .mfp-counter{color: rgb(243,243,243);}\",apeGalleryDelay = 0; head = document.head || document.getElementsByTagName(\"head\")[0], style = document.createElement(\"style\"); style.type = \"text\/css\"; if (style.styleSheet) style.styleSheet.cssText = wpape_gallery_69f51e8bf340a_css; \telse  style.appendChild(document.createTextNode(wpape_gallery_69f51e8bf340a_css)); head.appendChild(style);<\/script>\n<p>&nbsp;<\/p>\n","protected":false},"excerpt":{"rendered":"<p>Prevede quattro attrezzi: corpo libero, con accompagnamento musicale svolto su una pedana quadrata (m.12&#215;12), la trave, larga appena 10 centimetri dove l&#8217;atleta deve esprimere nello stesso tempo: eleganza, flessibilit\u00e0, sicurezza e controllo. Volteggio, una simbiosi di agilit\u00e0 e potenza esplosiva, parallele asimmetriche, agilit\u00e0, eleganza, coordinazione e una forte presa. &nbsp;<a class=\"more-link\" href=\"https:\/\/www.ginnasticarosignano.com\/sport\/artistica-femminile\/\"><span>CONTINUA A LEGGERE <\/span><\/a><\/p>\n","protected":false},"author":1,"featured_media":111,"parent":0,"menu_order":0,"comment_status":"closed","ping_status":"closed","template":"","meta":{"ngg_post_thumbnail":0},"_links":{"self":[{"href":"https:\/\/www.ginnasticarosignano.com\/sport\/wp-json\/wp\/v2\/pages\/23"}],"collection":[{"href":"https:\/\/www.ginnasticarosignano.com\/sport\/wp-json\/wp\/v2\/pages"}],"about":[{"href":"https:\/\/www.ginnasticarosignano.com\/sport\/wp-json\/wp\/v2\/types\/page"}],"author":[{"embeddable":true,"href":"https:\/\/www.ginnasticarosignano.com\/sport\/wp-json\/wp\/v2\/users\/1"}],"replies":[{"embeddable":true,"href":"https:\/\/www.ginnasticarosignano.com\/sport\/wp-json\/wp\/v2\/comments?post=23"}],"version-history":[{"count":5,"href":"https:\/\/www.ginnasticarosignano.com\/sport\/wp-json\/wp\/v2\/pages\/23\/revisions"}],"predecessor-version":[{"id":383,"href":"https:\/\/www.ginnasticarosignano.com\/sport\/wp-json\/wp\/v2\/pages\/23\/revisions\/383"}],"wp:featuredmedia":[{"embeddable":true,"href":"https:\/\/www.ginnasticarosignano.com\/sport\/wp-json\/wp\/v2\/media\/111"}],"wp:attachment":[{"href":"https:\/\/www.ginnasticarosignano.com\/sport\/wp-json\/wp\/v2\/media?parent=23"}],"curies":[{"name":"wp","href":"https:\/\/api.w.org\/{rel}","templated":true}]}}