{"id":24,"date":"2019-02-13T19:38:06","date_gmt":"2019-02-13T18:38:06","guid":{"rendered":"http:\/\/www.ginnasticarosignano.com\/sport\/?page_id=24"},"modified":"2019-06-11T18:22:08","modified_gmt":"2019-06-11T16:22:08","slug":"artistica-maschile","status":"publish","type":"page","link":"https:\/\/www.ginnasticarosignano.com\/sport\/artistica-maschile\/","title":{"rendered":"Artistica Maschile"},"content":{"rendered":"<p><strong>La disciplina pi\u00f9 completa e complessa<\/strong> che ci sia a livello maschile, dove tutte le capacit\u00e0 psico-motorie vengono esaltate nei suoi<strong> sei grandi attrezzi<\/strong>: corpo libero, elasticit\u00e0 e grande energia, cavallo con maniglie, equilibrio e tenuta. Anelli, forza e stabilit\u00e0. Volteggio, forza esplosiva. Parallele, tecnica e fluidit\u00e0. Sbarra, spettacolarit\u00e0.<\/p>\n","protected":false},"excerpt":{"rendered":"<p>La disciplina pi\u00f9 completa e complessa che ci sia a livello maschile, dove tutte le capacit\u00e0 psico-motorie vengono esaltate nei suoi sei grandi attrezzi: corpo libero, elasticit\u00e0 e grande energia, cavallo con maniglie, equilibrio e tenuta. Anelli, forza e stabilit\u00e0. Volteggio, forza esplosiva. Parallele, tecnica e fluidit\u00e0. Sbarra, spettacolarit\u00e0.<a class=\"more-link\" href=\"https:\/\/www.ginnasticarosignano.com\/sport\/artistica-maschile\/\"><span>CONTINUA A LEGGERE <\/span><\/a><\/p>\n","protected":false},"author":1,"featured_media":112,"parent":0,"menu_order":0,"comment_status":"closed","ping_status":"closed","template":"","meta":{"ngg_post_thumbnail":0},"_links":{"self":[{"href":"https:\/\/www.ginnasticarosignano.com\/sport\/wp-json\/wp\/v2\/pages\/24"}],"collection":[{"href":"https:\/\/www.ginnasticarosignano.com\/sport\/wp-json\/wp\/v2\/pages"}],"about":[{"href":"https:\/\/www.ginnasticarosignano.com\/sport\/wp-json\/wp\/v2\/types\/page"}],"author":[{"embeddable":true,"href":"https:\/\/www.ginnasticarosignano.com\/sport\/wp-json\/wp\/v2\/users\/1"}],"replies":[{"embeddable":true,"href":"https:\/\/www.ginnasticarosignano.com\/sport\/wp-json\/wp\/v2\/comments?post=24"}],"version-history":[{"count":2,"href":"https:\/\/www.ginnasticarosignano.com\/sport\/wp-json\/wp\/v2\/pages\/24\/revisions"}],"predecessor-version":[{"id":69,"href":"https:\/\/www.ginnasticarosignano.com\/sport\/wp-json\/wp\/v2\/pages\/24\/revisions\/69"}],"wp:featuredmedia":[{"embeddable":true,"href":"https:\/\/www.ginnasticarosignano.com\/sport\/wp-json\/wp\/v2\/media\/112"}],"wp:attachment":[{"href":"https:\/\/www.ginnasticarosignano.com\/sport\/wp-json\/wp\/v2\/media?parent=24"}],"curies":[{"name":"wp","href":"https:\/\/api.w.org\/{rel}","templated":true}]}}